{"id":17,"date":"2015-07-20T11:55:07","date_gmt":"2015-07-20T11:55:07","guid":{"rendered":"http:\/\/kidsplanet.ancorathemes.com\/?page_id=17"},"modified":"2022-06-20T16:27:16","modified_gmt":"2022-06-20T16:27:16","slug":"services","status":"publish","type":"page","link":"https:\/\/neuromoves.net\/?page_id=17","title":{"rendered":"Servicios"},"content":{"rendered":"<p>[vc_row][vc_column]<div class=\"sc_content content_wrap\" style=\"margin-top:5.5em !important;margin-bottom:1.1em !important;\"><h6 class=\"sc_title sc_title_dotted\" style=\"margin-top:0.95em;margin-bottom:1em;\">Servicios<\/h6>[vc_column_text]En NeuroMoves estamos especializados en la prevenci\u00f3n y tratamiento de las dificultades de aprendizaje, retraso madurativo, trastornos del desarrollo, alteraciones en la conducta y\u00a0 dificultades en el lenguaje, relaci\u00f3n e interacci\u00f3n social.<\/p>\n<p>Ofrecemos una soluci\u00f3n sencilla, divertida y eficaz a las barreras de aprendizaje, tanto f\u00edsicas, emocionales, sociales y\/o cognitivas que presentan los ni\u00f1os\/as y adolescentes.<\/p>\n<p>&#8211;\u00a0 Reflejos primitivos no inhibidos.<\/p>\n<p>&#8211;\u00a0 Estimulaci\u00f3n sensorial y barreras de integraci\u00f3n.<\/p>\n<p>Disponemos de un sala adaptada con material espec\u00edfico para el movimiento, para el aprendizaje sensorial, la exploraci\u00f3n, estimulaci\u00f3n vestibular y propioceptiva. Un espacio que facilita poder vivenciar toda una serie de experiencias sensorio motoras y emocionales.[\/vc_column_text]<div id=\"sc_services_2066394978\" class=\"sc_services sc_services_style_services-1 sc_services_type_images  sc_slider_nopagination sc_slider_nocontrols\" style=\"width:100%;\" data-interval=\"6194\" data-slides-per-view=\"4\"><div class=\"sc_columns columns_wrap\"><div class=\"column-1_4 column_padding_bottom\">\t\t\t<div id=\"sc_services_2066394978_1\"\t\t\t\tclass=\"sc_services_item sc_services_item_1 odd first\"\n\t\t\t\t>\n\t\t\t\t\t\t\t\t\t<div class=\"sc_services_item_featured post_featured\">\n\t\t\t\t\t\t\t\t\t\t\t<\/div>\n\t\t\t\t\t\t\t\t\t<div class=\"sc_services_item_content\">\n\t\t\t\t\t<h4 class=\"sc_services_item_title\"><a href=\"https:\/\/neuromoves.net\/?services=games\">Campamento de verano<\/a><\/h4>\n\t\t\t\t\t<div class=\"sc_services_item_description\">\n\t\t\t\t\t\t<p>Campamento de verano con la colaboraci\u00f3n de la Asociaci\u00f3n Despertando Dones. &nbsp; Dado el inter\u00e9s que tenemos por el desarrollo integral del...<\/p><a href=\"https:\/\/neuromoves.net\/?services=games\" class=\"sc_button sc_button_style_filled\">M\u00e1s informaci\u00f3n<\/a>\t\t\t\t\t<\/div>\n\t\t\t\t<\/div>\n\t\t\t<\/div>\n\t\t<\/div><div class=\"column-1_4 column_padding_bottom\">\t\t\t<div id=\"sc_services_2066394978_2\"\t\t\t\tclass=\"sc_services_item sc_services_item_2 even\"\n\t\t\t\t>\n\t\t\t\t\t\t\t\t\t<div class=\"sc_services_item_featured post_featured\">\n\t\t\t\t\t\t\t\t\t\t\t<\/div>\n\t\t\t\t\t\t\t\t\t<div class=\"sc_services_item_content\">\n\t\t\t\t\t<h4 class=\"sc_services_item_title\"><a href=\"https:\/\/neuromoves.net\/?services=toys\">Formaci\u00f3n a Centros<\/a><\/h4>\n\t\t\t\t\t<div class=\"sc_services_item_description\">\n\t\t\t\t\t\t<p>Formaci\u00f3n a Centros Educativos y a educadores, padres y profesionales de diferentes \u00e1mbitos: Curso dirigido a educadores y maestros de los Centros...<\/p><a href=\"https:\/\/neuromoves.net\/?services=toys\" class=\"sc_button sc_button_style_filled\">M\u00e1s informaci\u00f3n<\/a>\t\t\t\t\t<\/div>\n\t\t\t\t<\/div>\n\t\t\t<\/div>\n\t\t<\/div><div class=\"column-1_4 column_padding_bottom\">\t\t\t<div id=\"sc_services_2066394978_3\"\t\t\t\tclass=\"sc_services_item sc_services_item_3 odd\"\n\t\t\t\t>\n\t\t\t\t\t\t\t\t\t<div class=\"sc_services_item_featured post_featured\">\n\t\t\t\t\t\t\t\t\t\t\t<\/div>\n\t\t\t\t\t\t\t\t\t<div class=\"sc_services_item_content\">\n\t\t\t\t\t<h4 class=\"sc_services_item_title\"><a href=\"https:\/\/neuromoves.net\/?services=activities\">Sesiones grupales<\/a><\/h4>\n\t\t\t\t\t<div class=\"sc_services_item_description\">\n\t\t\t\t\t\t<p>&nbsp; Sesiones grupales \u201cMovimiento y Emociones\u201d: Grupos reducidos de ni\u00f1os\/as neuro-diversos comparten esta experiencia de aprendizaje a trav\u00e9s...<\/p><a href=\"https:\/\/neuromoves.net\/?services=activities\" class=\"sc_button sc_button_style_filled\">M\u00e1s informaci\u00f3n<\/a>\t\t\t\t\t<\/div>\n\t\t\t\t<\/div>\n\t\t\t<\/div>\n\t\t<\/div><div class=\"column-1_4 column_padding_bottom\">\t\t\t<div id=\"sc_services_2066394978_4\"\t\t\t\tclass=\"sc_services_item sc_services_item_4 even\"\n\t\t\t\t>\n\t\t\t\t\t\t\t\t\t<div class=\"sc_services_item_featured post_featured\">\n\t\t\t\t\t\t\t\t\t\t\t<\/div>\n\t\t\t\t\t\t\t\t\t<div class=\"sc_services_item_content\">\n\t\t\t\t\t<h4 class=\"sc_services_item_title\"><a href=\"https:\/\/neuromoves.net\/?services=education\">Sesiones individuales<\/a><\/h4>\n\t\t\t\t\t<div class=\"sc_services_item_description\">\n\t\t\t\t\t\t<p>&nbsp; Sesiones individuales: En NeuroMoves potenciamos el desarrollo de las capacidades individuales de cada ni\u00f1o\/a. Centramos nuestro trabajo...<\/p><a href=\"https:\/\/neuromoves.net\/?services=education\" class=\"sc_button sc_button_style_filled\">M\u00e1s informaci\u00f3n<\/a>\t\t\t\t\t<\/div>\n\t\t\t\t<\/div>\n\t\t\t<\/div>\n\t\t<\/div><\/div><\/div><\/div><div class=\"sc_content content_wrap\" style=\"margin-top:5.5em !important;margin-bottom:1.1em !important;\"><h6 class=\"sc_title sc_title_dotted\" style=\"margin-top:0.95em;margin-bottom:1em;\">Metodolog\u00eda<\/h6>[vc_column_text]La metodolog\u00eda es activa y participativa, centrada principalmente en el movimiento como base del aprendizaje.<\/p>\n<p>Las actividades que se llevan a cabo est\u00e1n centradas en ayudar al ni\u00f1o\/a en su aprendizaje escolar de una manera integral.<\/p>\n<p>La metodolog\u00eda ofrece un enfoque preventivo y de ayuda para abordar los problemas de aprendizaje, una visi\u00f3n innovadora con el objetivo fundamental que se pueda identificar y ayudar a los ni\u00f1os\/as a desarrollar las \u00e1reas sensoriales, motoras, emocionales y cognitivas que puedan resultar en mejoras significativas en su desempe\u00f1o acad\u00e9mico.<\/p>\n<p>Se utilizar\u00e1n estrategias y herramientas educativas para estimular y desarrollar habilidades y capacidades cerebrales permitiendo que se desarrollen estructuras neurol\u00f3gicas m\u00e1s sofisticadas ayudando al ni\u00f1o a tener un mejor control sobre sus respuestas voluntarias y a mejorar en su aprendizaje.<\/p>\n<p>La metodolog\u00eda ayuda a crear nuevas conexiones neuronales a trav\u00e9s de una serie de ejercicios espec\u00edficos (gimnasia cerebral) que benefician el equilibrio y desarrollo del cuerpo, emoci\u00f3n y mente favoreciendo la mejora en el aprendizaje.<\/p>\n<p>NeuroMoves ofrece una oportunidad al cerebro de los ni\u00f1os\/a los ni\u00f1os\/as imitando o poniendo en pr\u00e1ctica esos movimientos que tendr\u00eda que haber hecho los primeros meses de vida y as\u00ed poder reconstruir todas las fases que permitan su maduraci\u00f3n.<\/p>\n<p>Utilizamos herramientas propias, \u00fatiles, eficaces, sencillas y familiares. Con ellas el ni\u00f1o\/a experimenta nuevas sensaciones, aprende a conocerse mejor y a conocer cu\u00e1les son sus debilidades y fortalezas.<\/p>\n<p>Para poder realizar eficazmente nuestra metodolog\u00eda de trabajo vemos necesario que los padres reciban una orientaci\u00f3n, formaci\u00f3n, material did\u00e1ctico, sobre lo que realizar\u00e1n sus hijos\/a en las sesiones.<\/p>\n<p>Un programa espec\u00edfico de movimientos\u00a0 que les ayuda a adquirir habilidad en;<\/p>\n<ul>\n<li>el control de los m\u00fasculos centrales,<\/li>\n<li>la escucha,<\/li>\n<li>el desarrollo del lenguaje,<\/li>\n<li>la lectura,<\/li>\n<li>la escritura,<\/li>\n<li>la concentraci\u00f3n,<\/li>\n<li>la ortograf\u00eda,<\/li>\n<li>la soluci\u00f3n creativa de problemas y las matem\u00e1ticas,<\/li>\n<li>la coordinaci\u00f3n,<\/li>\n<li>capacidad de enfrentarse a un examen,<\/li>\n<li>hablar en p\u00fablico y reforzar la confianza&#8230;<\/li>\n<\/ul>\n<p>Hay un valor a\u00f1adido, la sensibilizaci\u00f3n y la inclusi\u00f3n social. Llevamos a cabo <u>actividades grupales neuro-diversas<\/u> que promueven la mejora a trav\u00e9s del movimiento y la sensibilizaci\u00f3n social de los ni\u00f1os\/as. TODOS los ni\u00f1os se benefician de esta experiencia pedag\u00f3gica compartida.<\/p>\n<p>Valores como la empat\u00eda, comprensi\u00f3n, altruismo, paciencia, bondad, entrega, generosidad&#8230; en definitiva los dones que aqu\u00ed se despiertan la hacen una actividad estrella, Sirviendo adem\u00e1s de encuentro, enriquecimiento y uni\u00f3n entre todos.[\/vc_column_text]<\/div><div class=\"sc_content content_wrap\" style=\"margin-top:5.5em !important;margin-bottom:1.1em !important;\"><h6 class=\"sc_title sc_title_dotted\" style=\"margin-top:0.95em;margin-bottom:1em;\">\u00bfA qui\u00e9n va dirigido?<\/h6>[vc_column_text]NeuroMoves acompa\u00f1a al ni\u00f1o\/a desde sus comienzos y durante todo su desarrollo, a los padres y familiares y a los maestros y profesionales de la educaci\u00f3n.<\/p>\n<p>Principalmente nos centramos en ayudar a aquellos ni\u00f1os\/as y adolescentes que presentan necesidades educativas especiales; diversidad funcional o diferentes trastornos del desarrollo, dificultades de aprendizaje y problemas de conducta.<\/p>\n<p>NeuroMoves beneficia a todo aquel que presente;<\/p>\n<ul>\n<li>H\u00edper o hipo-actividad<\/li>\n<li>Problemas de lateralidad,<\/li>\n<li>Problemas de comportamiento,<\/li>\n<li>Retraso auditivo, del habla o lenguaje,<\/li>\n<li>Tacto adormecido,<\/li>\n<li>Defensividad t\u00e1ctil,<\/li>\n<li>Problemas de atenci\u00f3n, concentraci\u00f3n, memoria,<\/li>\n<li>Lenguaje pobre y tard\u00edo,<\/li>\n<li>Dislexia, discalculia, disgrafia<\/li>\n<li>Malas posturas corporales,<\/li>\n<li>Dificultades para cruzar la l\u00ednea media<\/li>\n<li>Bajo tono muscular,<\/li>\n<li>Pobre integraci\u00f3n sensorial,<\/li>\n<li>Miedos irracionales, ansiedad, fobia, fatiga cr\u00f3nica,<\/li>\n<li>Problemas de equilibrio,<\/li>\n<li>Pobre coordinaci\u00f3n ojo-mano,<\/li>\n<li>Problemas de control de esf\u00ednteres como enuresis.<\/li>\n<li>Problemas de orientaci\u00f3n espacial, temporal y ritmos,<\/li>\n<li>Mareo por movimiento,<\/li>\n<li>Inseguridad gravitacional,<\/li>\n<li>Hipersensibilidad a la luz, a est\u00edmulos visuales, t\u00e1ctiles, auditivos<\/li>\n<li>Inhabilidad para cruzar la l\u00ednea media,<\/li>\n<li>Incapacidad de establecer dominancia lateral,<\/li>\n<li>Excesiva impulsividad, timidez,<\/li>\n<li>Tartamudez, tics, man\u00edas,<\/li>\n<li>Problemas de organizaci\u00f3n, percepci\u00f3n&#8230;<\/li>\n<\/ul>\n<p>[\/vc_column_text]<\/div>[\/vc_column][\/vc_row]<\/p>\n","protected":false},"excerpt":{"rendered":"<p>[vc_row][vc_column][\/vc_column][\/vc_row]<\/p>\n","protected":false},"author":1,"featured_media":0,"parent":0,"menu_order":0,"comment_status":"open","ping_status":"open","template":"","meta":{"footnotes":""},"class_list":["post-17","page","type-page","status-publish","hentry"],"_links":{"self":[{"href":"https:\/\/neuromoves.net\/index.php?rest_route=\/wp\/v2\/pages\/17"}],"collection":[{"href":"https:\/\/neuromoves.net\/index.php?rest_route=\/wp\/v2\/pages"}],"about":[{"href":"https:\/\/neuromoves.net\/index.php?rest_route=\/wp\/v2\/types\/page"}],"author":[{"embeddable":true,"href":"https:\/\/neuromoves.net\/index.php?rest_route=\/wp\/v2\/users\/1"}],"replies":[{"embeddable":true,"href":"https:\/\/neuromoves.net\/index.php?rest_route=%2Fwp%2Fv2%2Fcomments&post=17"}],"version-history":[{"count":10,"href":"https:\/\/neuromoves.net\/index.php?rest_route=\/wp\/v2\/pages\/17\/revisions"}],"predecessor-version":[{"id":1635,"href":"https:\/\/neuromoves.net\/index.php?rest_route=\/wp\/v2\/pages\/17\/revisions\/1635"}],"wp:attachment":[{"href":"https:\/\/neuromoves.net\/index.php?rest_route=%2Fwp%2Fv2%2Fmedia&parent=17"}],"curies":[{"name":"wp","href":"https:\/\/api.w.org\/{rel}","templated":true}]}}